{"id":1325,"date":"2017-02-28T10:22:51","date_gmt":"2017-02-28T07:22:51","guid":{"rendered":"http:\/\/mrseo.elated-themes.com\/cart\/"},"modified":"2020-09-17T17:36:39","modified_gmt":"2020-09-17T14:36:39","slug":"cart","status":"publish","type":"page","link":"https:\/\/www.margarit.com.tr\/en\/cart\/","title":{"rendered":"Shopping cart"},"content":{"rendered":"<div class=\"vc_row wpb_row vc_row-fluid\"><div class=\"wpb_column vc_column_container vc_col-sm-12\"><div class=\"vc_column-inner\"><div class=\"wpb_wrapper\"><div class=\"vc_separator wpb_content_element vc_separator_align_center vc_sep_width_100 vc_sep_pos_align_center vc_separator_no_text vc_sep_color_grey vc_custom_1600353316742  vc_custom_1600353316742\" ><span class=\"vc_sep_holder vc_sep_holder_l\"><span  class=\"vc_sep_line\"><\/span><\/span><span class=\"vc_sep_holder vc_sep_holder_r\"><span  class=\"vc_sep_line\"><\/span><\/span>\n<\/div><div class=\"woocommerce columns-4\"><ul class=\"products columns-4\">\n<li class=\"product type-product post-4389 status-publish first instock product_cat-video-ve-reklam-hizmetleri product_tag-acilis-video product_tag-baski-tasarim product_tag-gorsel-duzenleme product_tag-gorsel-uretim product_tag-hizmet-paketi product_tag-kapanis-video product_tag-logo-duzenleme product_tag-logo-reveal product_tag-logo-uretim product_tag-materyal-tasarim product_tag-sablon-secimi product_tag-video-reklam-hizmeti product_tag-web-reklam has-post-thumbnail sale virtual taxable purchasable product-type-simple\">\n\t<div class=\"eltdf-pl-inner\"><div class=\"eltdf-pl-image\"><div class=\"eltdf-pl-button-holder\"><a href=\"?add-to-cart=4389\" data-quantity=\"1\" class=\"button product_type_simple add_to_cart_button ajax_add_to_cart\" data-product_id=\"4389\" data-product_sku=\"\" aria-label=\"Add \u201cAmat\u00f6r (Tek Sefer) Reklam Paketi\u201d to your cart\" rel=\"nofollow\" data-no-translation=\"\" data-trp-gettext=\"\" data-no-translation-aria-label=\"\">Add to cart<\/a><\/div><\/div><a href=\"https:\/\/www.margarit.com.tr\/en\/magaza\/video-ve-reklam-hizmetleri\/amator-tek-sefer-reklam-paketi\/\" class=\"woocommerce-LoopProduct-link woocommerce-loop-product__link\"><\/a><\/div><div class=\"eltdf-pl-text-wrapper\"><div class=\"eltdf-pl-title-price-wrapper\"><h5 class=\"eltdf-product-list-title\"><a href=\"https:\/\/www.margarit.com.tr\/en\/magaza\/video-ve-reklam-hizmetleri\/amator-tek-sefer-reklam-paketi\/\">Amateur (One Time) Advertisement Package<\/a><\/h5>\n\t<span class=\"price\"><del><span class=\"woocommerce-Price-amount amount\"><bdi><span class=\"woocommerce-Price-currencySymbol\">&#8378;<\/span>500,00<\/bdi><\/span><\/del> <ins><span class=\"woocommerce-Price-amount amount\"><bdi><span class=\"woocommerce-Price-currencySymbol\">&#8378;<\/span>450,00<\/bdi><\/span><\/ins><\/span>\n<\/div>\t\t\t<div class=\"eltdf-product-cat\">\n\t\t<a href=\"https:\/\/www.margarit.com.tr\/en\/product-category\/video-ve-reklam-hizmetleri\/\" rel=\"tag\">Video and Advertising Services<\/a>\t\t\t<\/div>\n\t\t<\/div><\/li><li class=\"product type-product post-4390 status-publish instock product_cat-video-ve-reklam-hizmetleri product_tag-acilis-video product_tag-baski-tasarim product_tag-gorsel-duzenleme product_tag-gorsel-uretim product_tag-hizmet-paketi product_tag-kapanis-video product_tag-logo-duzenleme product_tag-logo-reveal product_tag-logo-uretim product_tag-materyal-tasarim product_tag-sablon-secimi product_tag-video-reklam-hizmeti product_tag-web-reklam has-post-thumbnail sale virtual taxable purchasable product-type-simple\">\n\t<div class=\"eltdf-pl-inner\"><div class=\"eltdf-pl-image\"><div class=\"eltdf-pl-button-holder\"><a href=\"?add-to-cart=4390\" data-quantity=\"1\" class=\"button product_type_simple add_to_cart_button ajax_add_to_cart\" data-product_id=\"4390\" data-product_sku=\"\" aria-label=\"Add \u201cArtist (Ayl\u0131k) Reklam Paketi\u201d to your cart\" rel=\"nofollow\" data-no-translation=\"\" data-trp-gettext=\"\" data-no-translation-aria-label=\"\">Add to cart<\/a><\/div><\/div><a href=\"https:\/\/www.margarit.com.tr\/en\/magaza\/video-ve-reklam-hizmetleri\/artist-aylik-reklam-paketi\/\" class=\"woocommerce-LoopProduct-link woocommerce-loop-product__link\"><\/a><\/div><div class=\"eltdf-pl-text-wrapper\"><div class=\"eltdf-pl-title-price-wrapper\"><h5 class=\"eltdf-product-list-title\"><a href=\"https:\/\/www.margarit.com.tr\/en\/magaza\/video-ve-reklam-hizmetleri\/artist-aylik-reklam-paketi\/\">Artist (Monthly) Advertisement Package<\/a><\/h5>\n\t<span class=\"price\"><del><span class=\"woocommerce-Price-amount amount\"><bdi><span class=\"woocommerce-Price-currencySymbol\">&#8378;<\/span>1.000,00<\/bdi><\/span><\/del> <ins><span class=\"woocommerce-Price-amount amount\"><bdi><span class=\"woocommerce-Price-currencySymbol\">&#8378;<\/span>750,00<\/bdi><\/span><\/ins><\/span>\n<\/div>\t\t\t<div class=\"eltdf-product-cat\">\n\t\t<a href=\"https:\/\/www.margarit.com.tr\/en\/product-category\/video-ve-reklam-hizmetleri\/\" rel=\"tag\">Video and Advertising Services<\/a>\t\t\t<\/div>\n\t\t<\/div><\/li><li class=\"product type-product post-4386 status-publish instock product_cat-genel-hizmet-paketleri product_tag-arama-motoru-kayit-islemleri product_tag-arama-motoru-optimizasyonu product_tag-dizin-kaydi-islemleri product_tag-forum-tanitimi product_tag-seo-tanitim product_tag-sosyal-hesap-kurumlari product_tag-tanitim-yazisi has-post-thumbnail sale virtual taxable purchasable product-type-simple\">\n\t<div class=\"eltdf-pl-inner\"><div class=\"eltdf-pl-image\"><div class=\"eltdf-pl-button-holder\"><a href=\"?add-to-cart=4386\" data-quantity=\"1\" class=\"button product_type_simple add_to_cart_button ajax_add_to_cart\" data-product_id=\"4386\" data-product_sku=\"\" aria-label=\"Add \u201cBa\u015flang\u0131\u00e7 (Tek Sefer) Paketi\u201d to your cart\" rel=\"nofollow\" data-no-translation=\"\" data-trp-gettext=\"\" data-no-translation-aria-label=\"\">Add to cart<\/a><\/div><\/div><a href=\"https:\/\/www.margarit.com.tr\/en\/magaza\/genel-hizmet-paketleri\/baslangic-tek-sefer-paketi\/\" class=\"woocommerce-LoopProduct-link woocommerce-loop-product__link\"><\/a><\/div><div class=\"eltdf-pl-text-wrapper\"><div class=\"eltdf-pl-title-price-wrapper\"><h5 class=\"eltdf-product-list-title\"><a href=\"https:\/\/www.margarit.com.tr\/en\/magaza\/genel-hizmet-paketleri\/baslangic-tek-sefer-paketi\/\">Starter (One Time) Package<\/a><\/h5>\n\t<span class=\"price\"><del><span class=\"woocommerce-Price-amount amount\"><bdi><span class=\"woocommerce-Price-currencySymbol\">&#8378;<\/span>500,00<\/bdi><\/span><\/del> <ins><span class=\"woocommerce-Price-amount amount\"><bdi><span class=\"woocommerce-Price-currencySymbol\">&#8378;<\/span>450,00<\/bdi><\/span><\/ins><\/span>\n<\/div>\t\t\t<div class=\"eltdf-product-cat\">\n\t\t<a href=\"https:\/\/www.margarit.com.tr\/en\/product-category\/genel-hizmet-paketleri\/\" rel=\"tag\">General Service Packages<\/a>\t\t\t<\/div>\n\t\t<\/div><\/li><li class=\"product type-product post-4394 status-publish last instock product_cat-maksimum-verim-paketleri product_tag-arama-motoru-kaydi product_tag-dizin-kayit-islemi product_tag-domain-satin-alma product_tag-facebook-sayfa-begenisi product_tag-firma-logo product_tag-firma-sunum product_tag-forum-tanitim-hizmeti product_tag-google-maps-kayit product_tag-google-maps-yildiz product_tag-google-maps-yorum product_tag-gorsel-duzenleme product_tag-hosting-satin-alma product_tag-instagram-profil-takipci product_tag-isletme-kaydi product_tag-logo-duzenleme product_tag-makale-girisi product_tag-proje-logo product_tag-proje-sunum product_tag-reklam-destegi product_tag-sosyal-hesap-ayarlari product_tag-sosyal-hesap-olusturma product_tag-tanitim-yazisi product_tag-twitter-profil-takipci product_tag-video-hizmeti product_tag-yorum-hizmeti has-post-thumbnail sale virtual taxable purchasable product-type-simple\">\n\t<div class=\"eltdf-pl-inner\"><div class=\"eltdf-pl-image\"><div class=\"eltdf-pl-button-holder\"><a href=\"?add-to-cart=4394\" data-quantity=\"1\" class=\"button product_type_simple add_to_cart_button ajax_add_to_cart\" data-product_id=\"4394\" data-product_sku=\"\" aria-label=\"Add \u201cB\u00fcy\u00fck \u0130\u015fletme (Tek Sefer) Hizmet Paketi\u201d to your cart\" rel=\"nofollow\" data-no-translation=\"\" data-trp-gettext=\"\" data-no-translation-aria-label=\"\">Add to cart<\/a><\/div><\/div><a href=\"https:\/\/www.margarit.com.tr\/en\/magaza\/maksimum-verim-paketleri\/buyuk-isletme-tek-sefer-hizmet-paketi\/\" class=\"woocommerce-LoopProduct-link woocommerce-loop-product__link\"><\/a><\/div><div class=\"eltdf-pl-text-wrapper\"><div class=\"eltdf-pl-title-price-wrapper\"><h5 class=\"eltdf-product-list-title\"><a href=\"https:\/\/www.margarit.com.tr\/en\/magaza\/maksimum-verim-paketleri\/buyuk-isletme-tek-sefer-hizmet-paketi\/\">Large Business (One Time) Service Package<\/a><\/h5>\n\t<span class=\"price\"><del><span class=\"woocommerce-Price-amount amount\"><bdi><span class=\"woocommerce-Price-currencySymbol\">&#8378;<\/span>14.000,00<\/bdi><\/span><\/del> <ins><span class=\"woocommerce-Price-amount amount\"><bdi><span class=\"woocommerce-Price-currencySymbol\">&#8378;<\/span>12.000,00<\/bdi><\/span><\/ins><\/span>\n<\/div>\t\t\t<div class=\"eltdf-product-cat\">\n\t\t<a href=\"https:\/\/www.margarit.com.tr\/en\/product-category\/maksimum-verim-paketleri\/\" rel=\"tag\">Maximum Efficiency Packages<\/a>\t\t\t<\/div>\n\t\t<\/div><\/li><\/ul>\n<\/div><\/div><\/div><\/div><\/div>","protected":false},"excerpt":{"rendered":"Add to cartAmat\u00f6r (Tek Sefer) Reklam Paketi &#8378;500,00 &#8378;450,00 Video ve Reklam Hizmetleri Add to cartArtist (Ayl\u0131k) Reklam Paketi &#8378;1.000,00 &#8378;750,00 Video ve Reklam Hizmetleri Add to cartBa\u015flang\u0131\u00e7 (Tek Sefer) Paketi &#8378;500,00 &#8378;450,00 Genel Hizmet Paketleri <trp-gettext [...]","protected":false},"author":1,"featured_media":0,"parent":0,"menu_order":0,"comment_status":"closed","ping_status":"closed","template":"","meta":[],"aioseo_notices":[],"_links":{"self":[{"href":"https:\/\/www.margarit.com.tr\/en\/wp-json\/wp\/v2\/pages\/1325"}],"collection":[{"href":"https:\/\/www.margarit.com.tr\/en\/wp-json\/wp\/v2\/pages"}],"about":[{"href":"https:\/\/www.margarit.com.tr\/en\/wp-json\/wp\/v2\/types\/page"}],"author":[{"embeddable":true,"href":"https:\/\/www.margarit.com.tr\/en\/wp-json\/wp\/v2\/users\/1"}],"replies":[{"embeddable":true,"href":"https:\/\/www.margarit.com.tr\/en\/wp-json\/wp\/v2\/comments?post=1325"}],"version-history":[{"count":7,"href":"https:\/\/www.margarit.com.tr\/en\/wp-json\/wp\/v2\/pages\/1325\/revisions"}],"predecessor-version":[{"id":4512,"href":"https:\/\/www.margarit.com.tr\/en\/wp-json\/wp\/v2\/pages\/1325\/revisions\/4512"}],"wp:attachment":[{"href":"https:\/\/www.margarit.com.tr\/en\/wp-json\/wp\/v2\/media?parent=1325"}],"curies":[{"name":"wp","href":"https:\/\/api.w.org\/{rel}","templated":true}]}}