{"id":890,"date":"2017-02-24T14:27:36","date_gmt":"2017-02-24T11:27:36","guid":{"rendered":"http:\/\/mrseo.elated-themes.com\/?page_id=890"},"modified":"2020-12-20T17:07:00","modified_gmt":"2020-12-20T14:07:00","slug":"about-us","status":"publish","type":"page","link":"https:\/\/www.margarit.com.tr\/en\/about-us\/","title":{"rendered":"about us"},"content":{"rendered":"<div class=\"vc_row wpb_row vc_row-fluid vc_custom_1488459387941 vc_row-o-content-middle vc_row-flex\"><div class=\"wpb_column vc_column_container vc_col-sm-12\"><div class=\"vc_column-inner\"><div class=\"wpb_wrapper\"><div class=\"eltdf-section-title-holder\" style=\"text-align: center\">\n\t\t\t<h4 class=\"eltdf-section-subtitle\" ><span>Let your ideas breathe!<\/span><\/h4>\n\t\n\t\t\t<h2 class=\"eltdf-st-title\" >\n\t\t\t<span><span class=\"eltdf-section-ital\">new<\/span> <span class=\"eltdf-section-ital\">Generation<\/span> Web Advertising Informatics <span class=\"eltdf-section-ital\">Services<\/span><\/span>\n\t\t<\/h2>\n\t\t<span class=\"eltdf-title-separator eltdf-enable-separator\" ><\/span>\n\t<\/div><\/div><\/div><\/div><\/div><div class=\"vc_row wpb_row vc_row-fluid eltdf-content-aligment-center vc_row-o-content-middle vc_row-flex\"><div class=\"wpb_column vc_column_container vc_col-sm-12\"><div class=\"vc_column-inner\"><div class=\"wpb_wrapper\"><div class=\"eltdf-parallax-holder eltdf-vertical-middle-align eltdf-disabled-parallax-on-touch\" data-parallax-speed=\"1\" style=\"background-image: url(https:\/\/www.margarit.com.tr\/wp-content\/uploads\/2017\/02\/about-us-parallax-1.jpg);min-height: 477px;height: 477px\">\n\t<div class=\"eltdf-parallax-inner\">\n\t\t\n\t<div class=\"wpb_text_column wpb_content_element\" >\n\t\t<div class=\"wpb_wrapper\">\n\t\t\t<h1><span style=\"color: #ffffff;\">We look forward to accompanying your ideas.<\/span><\/h1>\n\n\t\t<\/div>\n\t<\/div>\n<a itemprop=\"url\" href=\"https:\/\/www.margarit.com.tr\/en\/bize-ulasin\/\" target=\"_blank\" style=\"color: #333333;background-color: #ffffff;border-color: #ffffff;margin: 28px 0 10px 0\" class=\"eltdf-btn eltdf-btn-medium eltdf-btn-solid eltdf-btn-custom-hover-bg eltdf-btn-custom-border-hover eltdf-btn-custom-hover-color\" data-hover-color=\"#ffffff\" data-hover-bg-color=\"#333333\" data-hover-border-color=\"#333333\" >\n    <span class=\"eltdf-btn-text\">Contact Us Now!<\/span>\n    <\/a><div class=\"vc_empty_space\"   style=\"height: 10px\"><span class=\"vc_empty_space_inner\"><\/span><\/div>\t<\/div>\n<\/div>\n<\/div><\/div><\/div><\/div><div class=\"eltdf-row-grid-section\"><div class=\"vc_row wpb_row vc_row-fluid vc_custom_1489146479239\"><div class=\"wpb_column vc_column_container vc_col-sm-12 vc_col-lg-offset-2 vc_col-lg-8\"><div class=\"vc_column-inner\"><div class=\"wpb_wrapper\"><div class=\"eltdf-section-title-holder\" style=\"text-align: center\">\n\t\t\t<h4 class=\"eltdf-section-subtitle\" ><span>You can contact us for all your questions, opinions and requests.<\/span><\/h4>\n\t\n\t\t\t<h2 class=\"eltdf-st-title\" >\n\t\t\t<span>listening to you <span class=\"eltdf-section-ital\">we want!<\/span><\/span>\n\t\t<\/h2>\n\t\t<span class=\"eltdf-title-separator eltdf-enable-separator\" ><\/span>\n\t\t\t<p class=\"eltdf-st-text\" >In whichever field you are involved in our wide range of services, let us know all your ideas about the subject and we will get back to you. As Margarit Bili\u015fim team, we would be happy if we could take your ideas one step further!<\/p>\n\t<\/div><div class=\"vc_empty_space\"   style=\"height: 10px\"><span class=\"vc_empty_space_inner\"><\/span><\/div><div class=\"vc_separator wpb_content_element vc_separator_align_center vc_sep_width_100 vc_sep_pos_align_center vc_separator_no_text vc_sep_color_grey\" ><span class=\"vc_sep_holder vc_sep_holder_l\"><span  class=\"vc_sep_line\"><\/span><\/span><span class=\"vc_sep_holder vc_sep_holder_r\"><span  class=\"vc_sep_line\"><\/span><\/span>\n<\/div>\n\t<div class=\"wpb_text_column wpb_content_element\" >\n\t\t<div class=\"wpb_wrapper\">\n\t\t\t<p>Primary Authority: Cenk \u00d6nsoy<\/p>\n<p>Contact Now: +90 850 305 25 95 \/ +90 312 394 62 02<\/p>\n<p>E-Mail: info@margarit.com.tr<\/p>\n<p>Address: \u0130voksan, Neva Home Offices 1455 Street, 22\/41 Yenimahalle \/ Ankara<\/p>\n\n\t\t<\/div>\n\t<\/div>\n<div class=\"vc_empty_space\"   style=\"height: 10px\"><span class=\"vc_empty_space_inner\"><\/span><\/div><div class=\"eltdf-section-title-holder\" style=\"text-align: center\">\n\t\t\t<h4 class=\"eltdf-section-subtitle\" ><span>Write to us now!<\/span><\/h4>\n\t\n\t\t<span class=\"eltdf-title-separator eltdf-enable-separator\" ><\/span>\n\t<\/div><div class=\"vc_empty_space\"   style=\"height: 10px\"><span class=\"vc_empty_space_inner\"><\/span><\/div><div role=\"form\" class=\"wpcf7\" id=\"wpcf7-f7-o1\" lang=\"tr-TR\" dir=\"ltr\">\n<div class=\"screen-reader-response\"><p role=\"status\" aria-live=\"polite\" aria-atomic=\"true\"><\/p> <ul><\/ul><\/div>\n<form action=\"\/en\/wp-json\/wp\/v2\/pages\/890#wpcf7-f7-o1\" method=\"post\" class=\"wpcf7-form init cf7_custom_style_2\" novalidate=\"novalidate\" data-status=\"init\" data-trp-original-action=\"\/en\/wp-json\/wp\/v2\/pages\/890#wpcf7-f7-o1\">\n<div style=\"display: none;\">\n<input type=\"hidden\" name=\"_wpcf7\" value=\"7\" \/>\n<input type=\"hidden\" name=\"_wpcf7_version\" value=\"5.3\" \/>\n<input type=\"hidden\" name=\"_wpcf7_locale\" value=\"tr_TR\" \/>\n<input type=\"hidden\" name=\"_wpcf7_unit_tag\" value=\"wpcf7-f7-o1\" \/>\n<input type=\"hidden\" name=\"_wpcf7_container_post\" value=\"0\" \/>\n<input type=\"hidden\" name=\"_wpcf7_posted_data_hash\" value=\"\" \/>\n<\/div>\n<p><label> What is your name? (necessary)<br \/>\n    <span class=\"wpcf7-form-control-wrap your-name\"><input type=\"text\" name=\"your-name\" value=\"\" size=\"40\" class=\"wpcf7-form-control wpcf7-text wpcf7-validates-as-required\" aria-required=\"true\" aria-invalid=\"false\" \/><\/span> <\/label><\/p>\n<p><label> What is your e-mail address? (necessary)<br \/>\n    <span class=\"wpcf7-form-control-wrap your-email\"><input type=\"email\" name=\"your-email\" value=\"\" size=\"40\" class=\"wpcf7-form-control wpcf7-text wpcf7-email wpcf7-validates-as-required wpcf7-validates-as-email\" aria-required=\"true\" aria-invalid=\"false\" \/><\/span> <\/label><\/p>\n<p><label> What is the topic?<br \/>\n    <span class=\"wpcf7-form-control-wrap your-subject\"><input type=\"text\" name=\"your-subject\" value=\"\" size=\"40\" class=\"wpcf7-form-control wpcf7-text\" aria-invalid=\"false\" \/><\/span> <\/label><\/p>\n<p><label> Please specify details<br \/>\n    <span class=\"wpcf7-form-control-wrap your-message\"><textarea name=\"your-message\" cols=\"40\" rows=\"10\" class=\"wpcf7-form-control wpcf7-textarea\" aria-invalid=\"false\"><\/textarea><\/span> <\/label><\/p>\n<p><input type=\"submit\" value=\"Send it now!\" class=\"wpcf7-form-control wpcf7-submit\" \/><\/p>\n<p style=\"display: none !important;\"><label>&#916;<textarea name=\"_wpcf7_ak_hp_textarea\" cols=\"45\" rows=\"8\" maxlength=\"100\"><\/textarea><\/label><input type=\"hidden\" id=\"ak_js_1\" name=\"_wpcf7_ak_js\" value=\"113\"\/><script>document.getElementById( \"ak_js_1\" ).setAttribute( \"value\", ( new Date() ).getTime() );<\/script><\/p><div class=\"wpcf7-response-output\" aria-hidden=\"true\"><\/div><input type=\"hidden\" name=\"trp-form-language\" value=\"en\"\/><\/form><\/div><\/div><\/div><\/div><\/div><\/div><div class=\"vc_row wpb_row vc_row-fluid vc_custom_1600244692759 vc_row-has-fill\"><div class=\"wpb_column vc_column_container vc_col-sm-12\"><div class=\"vc_column-inner\"><div class=\"wpb_wrapper\">\n\t<div class=\"wpb_text_column wpb_content_element  vc_custom_1600244445400\" >\n\t\t<div class=\"wpb_wrapper\">\n\t\t\t<h5 class=\"text-medium-gray text-small margin-5px-bottom alt-font text-capitalize heading-style4 heading-5\">About Our Agency<\/h5>\n<div class=\"last-paragraph-no-margin\">\n<p>Under the name of Margarit Bili\u015fim, he entered the media sector in 2020, and since 2005, under many names and companies; ankara web design, ankara logo design, ankara seo (search engine) optimization, ankara digital advertising, ankara e-commerce etc.. It is one of the new and favorite web design agencies of Ankara that provides many services. Best web design companies in Ankara, best web design companies in Ankra, best Ankara graphic design<a title=\"izmir web design\" href=\"https:\/\/fiberwebtasarim.com\/\">\u00a0<\/a>If you are doing searches such as agencies, you are on the right page now.<\/p>\n<p>As Margarit Bili\u015fim team, we provide all the services we have mentioned on our services page. Our team&#039;s priority is to finish the job on time. We want to do a good job rather than finish it on time. If you want to do speed or SEO optimization work on your internet page (site), we are always waiting for you.<\/p>\n<p>As one of Ankara&#039;s newest and most popular web design agencies; We do our best to make you happy.<\/p>\n<p>No one knows better than us how to make our customers happy. How do we know; because we put ourselves in the customer&#039;s shoes. We think how happy we would be if we were customers. The answer is very simple; For example, we are very happy to see that a very good job has been done.<\/p>\n<p>When you do very good things, the customer makes his business better and grows more. Growth of business means more customers. When customers increase, you can enlarge your business and be happy in this way. That&#039;s exactly what we work to achieve. In order to gain more customers or to create very good projects. If you want to grow your business and gain more customers thanks to us, take advantage of our service with the package option suitable for you on our packages page!<\/p>\n<p>As Margarit Bili\u015fim, we offer services to almost all districts of Ankara (Akyurt, Alt\u0131nda\u011f, Aya\u015f, Bal\u00e2, Beypazar\u0131, \u00c7aml\u0131dere, \u00c7ankaya, \u00c7ubuk, Elmada\u011f, Etimesgut, Evren, G\u00f6lba\u015f\u0131, G\u00fcd\u00fcl, Haymana, Kahramankazan, Kalecik, Ke\u00e7i\u00f6ren, K\u0131z\u0131lcahamam, Mamak, Nall\u0131han). , Polatl\u0131, Pursaklar, Sincan, \u015eereflikochisar, Yenimahalle).<\/p>\n<p>You too; I want to set up a web page, Ankara web design office, corporate web design Ankara, I want to create my own web page, how do I open my own website, how to set up a personal web page, how to open an e-commerce (online store), how do I move my business to the internet, on the internet If you are thinking about how I can advertise \/ have it done, if you can&#039;t find a solution, then you are on the right page.<\/p>\n<\/div>\n\n\t\t<\/div>\n\t<\/div>\n<\/div><\/div><\/div><\/div>","protected":false},"excerpt":{"rendered":"Let your ideas breathe! Next Generation Web Advertising Information Services We are waiting to accompany your ideas. Contact Us Now! You can contact us for all your questions, opinions and requests. We want to listen to you! From which field you are involved in our wide range of services, you can give us all your ideas on the subject [...]","protected":false},"author":1,"featured_media":0,"parent":0,"menu_order":0,"comment_status":"closed","ping_status":"closed","template":"full-width.php","meta":[],"aioseo_notices":[],"_links":{"self":[{"href":"https:\/\/www.margarit.com.tr\/en\/wp-json\/wp\/v2\/pages\/890"}],"collection":[{"href":"https:\/\/www.margarit.com.tr\/en\/wp-json\/wp\/v2\/pages"}],"about":[{"href":"https:\/\/www.margarit.com.tr\/en\/wp-json\/wp\/v2\/types\/page"}],"author":[{"embeddable":true,"href":"https:\/\/www.margarit.com.tr\/en\/wp-json\/wp\/v2\/users\/1"}],"replies":[{"embeddable":true,"href":"https:\/\/www.margarit.com.tr\/en\/wp-json\/wp\/v2\/comments?post=890"}],"version-history":[{"count":24,"href":"https:\/\/www.margarit.com.tr\/en\/wp-json\/wp\/v2\/pages\/890\/revisions"}],"predecessor-version":[{"id":4704,"href":"https:\/\/www.margarit.com.tr\/en\/wp-json\/wp\/v2\/pages\/890\/revisions\/4704"}],"wp:attachment":[{"href":"https:\/\/www.margarit.com.tr\/en\/wp-json\/wp\/v2\/media?parent=890"}],"curies":[{"name":"wp","href":"https:\/\/api.w.org\/{rel}","templated":true}]}}